{"id":146525,"date":"2026-03-04T01:46:39","date_gmt":"2026-03-04T01:46:39","guid":{"rendered":"https:\/\/lataperiaoleole.com\/campbel\/?page_id=146525"},"modified":"2026-03-04T03:04:51","modified_gmt":"2026-03-04T03:04:51","slug":"reservierungen","status":"publish","type":"page","link":"https:\/\/lataperiaoleole.com\/campbel\/de\/reservierungen\/","title":{"rendered":"RESERVIEREN SIE JETZT"},"content":{"rendered":"\r\n<p>&nbsp;<\/p>\r\n<p><strong>\u00d6ffnungszeiten<\/strong><br \/>Dienstag bis Sonntag <strong><br \/>17:00 &#8211; 22:00 Uhr<\/strong> Reservierungen im 15-Minuten-Takt <br \/>Maximale Anzahl G\u00e4ste <strong>55<\/strong> gleichzeitig<br \/><br \/><\/p>\r\n<p>&nbsp;<\/p>\r\n\r\n\n\t<script type=\"text\/javascript\">\n        var ajaxurl = 'https:\/\/lataperiaoleole.com\/campbel\/wp-admin\/admin-ajax.php';\n    <\/script>\n\n    <style><\/style>\n    \n<div class=\"rtb-booking-form\">\n\t\n\t\t\t<div class=\"rtb-modification-toggle\">\n\t\t\tView\/Cancel a Reservation\t\t<\/div>\n\t\t<div class=\"rtb-clear\"><\/div>\n\t\t<form class=\"rtb-modification-form rtb-hidden\">\n\t\t\t<div>\n\t\t\t\tUse the form below to find your reservation\t\t\t<\/div>\n\t\t\t<label for=\"rtb_modification_email\">\n\t\t\t\tEmail:\t\t\t\t<input type=\"email\" name=\"rtb_modification_email\">\n\t\t\t<\/label>\n\t\t\t<div class=\"rtb-find-reservation-button-div\">\n\t\t\t\t<div class=\"rtb-find-reservation-button\">\n\t\t\t\t\tFind Reservations\t\t\t\t<\/div>\n\t\t\t<\/div>\n\t\t\t<div class=\"rtb-bookings-results\"><\/div>\n\t\t<\/form>\n\t\n\t\n\t\n\t<form method=\"POST\" action=\"\" class=\"rtb-booking-form-form\">\n\t\t<input type=\"hidden\" name=\"action\" value=\"booking_request\">\n\n\t\t\n\t\t\n\t\t\n\t\t\t\t<fieldset class=\"reservation\">\n\n\t\t\t\t\t\t<legend >\n\t\t\t\tReservar Mesa\t\t\t<\/legend>\n\t\t\t\n\t\t\t\n\t<div class=\"rtb-select elige-tu-zona\">\n\t\t\t\t<label for=\"rtb-elige-tu-zona\">\n\t\t\tElige tu zona\t\t<\/label>\n\t\t<select name=\"rtb-elige-tu-zona\" id=\"rtb-elige-tu-zona\" required aria-required=\"true\"  data-selected=\"\">\n\t\t\t\t\t\t\t\t\t<option value=\"4\" >Selecc.<\/option>\n\t\t\t\t\t\t<option value=\"0\" >Dining Room<\/option>\n\t\t\t\t\t\t<option value=\"2\" >Terrase 1<\/option>\n\t\t\t\t\t\t<option value=\"1\" >Terrase 2<\/option>\n\t\t\t\t\t<\/select>\n\t<\/div>\n\n\t\n\t<div class=\"rtb-select party\">\n\t\t\t\t<label for=\"rtb-party\">\n\t\t\tParty\t\t<\/label>\n\t\t<select name=\"rtb-party\" id=\"rtb-party\" required aria-required=\"true\"  data-selected=\"\">\n\t\t\t\t\t\t\t\t\t<option value=\"1\" >1<\/option>\n\t\t\t\t\t\t<option value=\"2\" >2<\/option>\n\t\t\t\t\t\t<option value=\"3\" >3<\/option>\n\t\t\t\t\t\t<option value=\"4\" >4<\/option>\n\t\t\t\t\t\t<option value=\"5\" >5<\/option>\n\t\t\t\t\t\t<option value=\"6\" >6<\/option>\n\t\t\t\t\t\t<option value=\"7\" >7<\/option>\n\t\t\t\t\t\t<option value=\"8\" >8<\/option>\n\t\t\t\t\t\t<option value=\"9\" >9<\/option>\n\t\t\t\t\t\t<option value=\"10\" >10<\/option>\n\t\t\t\t\t\t<option value=\"11\" >11<\/option>\n\t\t\t\t\t\t<option value=\"12\" >12<\/option>\n\t\t\t\t\t\t<option value=\"13\" >13<\/option>\n\t\t\t\t\t\t<option value=\"14\" >14<\/option>\n\t\t\t\t\t\t<option value=\"15\" >15<\/option>\n\t\t\t\t\t\t<option value=\"16\" >16<\/option>\n\t\t\t\t\t\t<option value=\"17\" >17<\/option>\n\t\t\t\t\t\t<option value=\"18\" >18<\/option>\n\t\t\t\t\t\t<option value=\"19\" >19<\/option>\n\t\t\t\t\t\t<option value=\"20\" >20<\/option>\n\t\t\t\t\t<\/select>\n\t<\/div>\n\n\t\n\t<div class=\"rtb-text date\">\n\t\t\t\t<label for=\"rtb-date\">\n\t\t\tDate\t\t<\/label>\n\t\t<input type=\"text\" name=\"rtb-date\" id=\"rtb-date\" value=\"\" required aria-required=\"true\">\n\t<\/div>\n\n\t\n\t<div class=\"rtb-text time\">\n\t\t\t\t<label for=\"rtb-time\">\n\t\t\tHora\t\t<\/label>\n\t\t<input type=\"text\" name=\"rtb-time\" id=\"rtb-time\" value=\"\" required aria-required=\"true\">\n\t<\/div>\n\n\t\n\t<div class=\"rtb-select table\">\n\t\t\t\t<label for=\"rtb-table\">\n\t\t\tMesa\t\t<\/label>\n\t\t<select name=\"rtb-table\" id=\"rtb-table\" disabled data-selected=\"\">\n\t\t\t <option  selected='selected'><\/option> \t\t\t\t\t\t<option value=\"Mesa 11\" >Mesa 11 - Dining Room (min. 3\/max. 4)<\/option>\n\t\t\t\t\t\t<option value=\"12\" >12 - Dining Room (min. 1\/max. 2)<\/option>\n\t\t\t\t\t\t<option value=\"13\" >13 - Dining Room (min. 1\/max. 2)<\/option>\n\t\t\t\t\t\t<option value=\"14\" >14 - Dining Room (min. 1\/max. 2)<\/option>\n\t\t\t\t\t\t<option value=\"21\" >21 - Dining Room (min. 1\/max. 2)<\/option>\n\t\t\t\t\t\t<option value=\"22\" >22 - Dining Room (min. 1\/max. 2)<\/option>\n\t\t\t\t\t\t<option value=\"23\" >23 - Dining Room (min. 1\/max. 2)<\/option>\n\t\t\t\t\t\t<option value=\"24\" >24 - Dining Room (min. 3\/max. 5)<\/option>\n\t\t\t\t\t\t<option value=\"31\" >31 - Dining Room (min. 1\/max. 3)<\/option>\n\t\t\t\t\t\t<option value=\"32\" >32 - Dining Room (min. 1\/max. 2)<\/option>\n\t\t\t\t\t\t<option value=\"33\" >33 - Dining Room (min. 3\/max. 5)<\/option>\n\t\t\t\t\t\t<option value=\"41\" >41 - Dining Room (min. 2\/max. 5)<\/option>\n\t\t\t\t\t\t<option value=\"42\" >42 - Dining Room (min. 1\/max. 3)<\/option>\n\t\t\t\t\t\t<option value=\"43\" >43 - Dining Room (min. 1\/max. 3)<\/option>\n\t\t\t\t\t\t<option value=\"51\" >51 - Dining Room (min. 2\/max. 5)<\/option>\n\t\t\t\t\t\t<option value=\"52\" >52 - Dining Room (min. 1\/max. 3)<\/option>\n\t\t\t\t\t\t<option value=\"61\" >61 - Dining Room (min. 3\/max. 5)<\/option>\n\t\t\t\t\t\t<option value=\"62\" >62 - Dining Room (min. 1\/max. 3)<\/option>\n\t\t\t\t\t<\/select>\n\t<\/div>\n\n\t\t\t<\/fieldset>\n\t\t\t\t<fieldset class=\"rtb-contact\">\n\n\t\t\t\t\t\t<legend >\n\t\t\t\tContact Details\t\t\t<\/legend>\n\t\t\t\n\t\t\t\n\t<div class=\"rtb-text name\">\n\t\t\t\t<label for=\"rtb-name\">\n\t\t\tName\t\t<\/label>\n\t\t<input type=\"text\" name=\"rtb-name\" id=\"rtb-name\" value=\"\" required aria-required=\"true\">\n\t<\/div>\n\n\t\n\t<div class=\"rtb-text email\">\n\t\t\t\t<label for=\"rtb-email\">\n\t\t\tCorreo electr\u00f3nico\t\t<\/label>\n\t\t<input type=\"email\" name=\"rtb-email\" id=\"rtb-email\" value=\"\" required aria-required=\"true\">\n\t<\/div>\n\n\t\n\t<div class=\"rtb-text phone\">\n\t\t\t\t<label for=\"rtb-phone\">\n\t\t\tPhone\t\t<\/label>\n\t\t<input type=\"tel\" name=\"rtb-phone\" id=\"rtb-phone\" value=\"\">\n\t<\/div>\n\n\t\n\t<div class=\"add-message\">\n\t\t<a href=\"#\">\n\t\t\tPULSE AQU\u00cd PARA A\u00d1ADIR UN MENSAJE U OBSERVACI\u00d3N\t\t<\/a>\n\t<\/div>\n\n\t\n\t<div class=\"rtb-textarea message\">\n\t\t\t\t<label for=\"rtb-message\">\n\t\t\tMensaje para a\u00f1adir a tu reserva \/ Nachricht, die Sie Ihrer Buchung hinzuf\u00fcgen m\u00f6chten\t\t<\/label>\n\t\t<textarea name=\"rtb-message\" id=\"rtb-message\"><\/textarea>\n\t<\/div>\n\n\t\t\t<\/fieldset>\n\t\t\n\t\t\n\t\t<fieldset class=\"rtb-form-footer\">\n\t\t\t<div id='rtb_recaptcha'><\/div>\n\t\t\t\n\t\t\t<div class=\"rtb-form-submit\"><button type=\"submit\">Request Booking<\/button><\/div>\t\t<\/fieldset>\n\n\n\t<\/form>\n\n\t\n\t\n\t<\/div>\n\n\t\r\n","protected":false},"excerpt":{"rendered":"<p>&nbsp; \u00d6ffnungszeitenDienstag bis Sonntag 17:00 &#8211; 22:00 Uhr Reservierungen im 15-Minuten-Takt Maximale Anzahl G\u00e4ste 55 gleichzeitig &nbsp;<\/p>\n","protected":false},"author":1,"featured_media":0,"parent":0,"menu_order":0,"comment_status":"closed","ping_status":"closed","template":"","meta":{"footnotes":""},"class_list":["post-146525","page","type-page","status-publish","hentry"],"aioseo_notices":[],"_links":{"self":[{"href":"https:\/\/lataperiaoleole.com\/campbel\/wp-json\/wp\/v2\/pages\/146525"}],"collection":[{"href":"https:\/\/lataperiaoleole.com\/campbel\/wp-json\/wp\/v2\/pages"}],"about":[{"href":"https:\/\/lataperiaoleole.com\/campbel\/wp-json\/wp\/v2\/types\/page"}],"author":[{"embeddable":true,"href":"https:\/\/lataperiaoleole.com\/campbel\/wp-json\/wp\/v2\/users\/1"}],"replies":[{"embeddable":true,"href":"https:\/\/lataperiaoleole.com\/campbel\/wp-json\/wp\/v2\/comments?post=146525"}],"version-history":[{"count":8,"href":"https:\/\/lataperiaoleole.com\/campbel\/wp-json\/wp\/v2\/pages\/146525\/revisions"}],"predecessor-version":[{"id":146536,"href":"https:\/\/lataperiaoleole.com\/campbel\/wp-json\/wp\/v2\/pages\/146525\/revisions\/146536"}],"wp:attachment":[{"href":"https:\/\/lataperiaoleole.com\/campbel\/wp-json\/wp\/v2\/media?parent=146525"}],"curies":[{"name":"wp","href":"https:\/\/api.w.org\/{rel}","templated":true}]}}